{"id":3826,"date":"2026-03-04T11:22:25","date_gmt":"2026-03-04T10:22:25","guid":{"rendered":"https:\/\/www.bitformer.net\/?page_id=3826"},"modified":"2026-05-06T12:25:13","modified_gmt":"2026-05-06T10:25:13","slug":"managed-hosting","status":"publish","type":"page","link":"https:\/\/www.bitformer.net\/en\/it-betrieb-und-service\/managed-hosting\/","title":{"rendered":"Managed hosting"},"content":{"rendered":"<div data-elementor-type=\"wp-page\" data-elementor-id=\"3826\" class=\"elementor elementor-3826\">\n\t\t\t\t<div class=\"elementor-element elementor-element-7264766 e-flex e-con-boxed e-con e-parent\" data-id=\"7264766\" data-element_type=\"container\" data-e-type=\"container\" data-settings=\"{&quot;background_background&quot;:&quot;video&quot;,&quot;background_video_link&quot;:&quot;\\\/wp-content\\\/uploads\\\/2026\\\/03\\\/blue-bg-flowing.mp4&quot;}\">\n\t\t\t\t\t<div class=\"e-con-inner\">\n\t\t<div class=\"elementor-background-video-container elementor-hidden-mobile\">\n\t\t\t\t\t\t\t<video class=\"elementor-background-video-hosted\" role=\"presentation\" autoplay muted playsinline loop><\/video>\n\t\t\t\t\t<\/div><div class=\"elementor-element elementor-element-4b70b60 e-con-full e-flex elementor-invisible e-con e-child\" data-id=\"4b70b60\" data-element_type=\"container\" data-e-type=\"container\" data-settings=\"{&quot;background_background&quot;:&quot;classic&quot;,&quot;animation&quot;:&quot;fadeInUp&quot;}\">\n\t\t\t\t<div class=\"elementor-element elementor-element-5765d06 elementor-align-left elementor-widget elementor-widget-raven-breadcrumbs\" data-id=\"5765d06\" data-element_type=\"widget\" data-e-type=\"widget\" data-widget_type=\"raven-breadcrumbs.default\">\n\t\t\t\t<div class=\"elementor-widget-container\">\n\t\t\t\t\t<div class=\"raven-breadcrumbs raven-breadcrumbs-default\"><div class=\"breadcrumb\">\t\t\t\t\t\t\t\t<div class=\"breadcrumb-item active\" aria-current=\"page\"><span>Home<\/span><\/div>\n\n\t\t\t\t<\/div><\/div>\t\t\t\t<\/div>\n\t\t\t\t<\/div>\n\t\t\t\t<div class=\"elementor-element elementor-element-1e4d5fc elementor-widget elementor-widget-heading\" data-id=\"1e4d5fc\" data-element_type=\"widget\" data-e-type=\"widget\" data-widget_type=\"heading.default\">\n\t\t\t\t\t<h1 class=\"elementor-heading-title elementor-size-default\">Managed hosting<\/h1>\t\t\t\t<\/div>\n\t\t\t\t<div class=\"elementor-element elementor-element-8b9295b elementor-widget elementor-widget-heading\" data-id=\"8b9295b\" data-element_type=\"widget\" data-e-type=\"widget\" data-widget_type=\"heading.default\">\n\t\t\t\t\t<h2 class=\"elementor-heading-title elementor-size-default\">Ihre IT sicher und zuverl\u00e4ssig in besten H\u00e4nden<\/h2>\t\t\t\t<\/div>\n\t\t\t\t<\/div>\n\t\t<div class=\"elementor-element elementor-element-fc6152c e-con-full e-flex e-con e-child\" data-id=\"fc6152c\" data-element_type=\"container\" data-e-type=\"container\" data-settings=\"{&quot;background_background&quot;:&quot;classic&quot;}\">\n\t\t\t\t<div class=\"elementor-element elementor-element-8622888 main-layout-vertical raven-nav-alignment-start pointer-none submenu-anim-fade raven-dropdown-stretch raven-nav-menu-align-flex-start raven-nav-menu-align-center elementor-widget elementor-widget-raven-advanced-nav-menu\" data-id=\"8622888\" data-element_type=\"widget\" data-e-type=\"widget\" data-settings=\"{&quot;submenu_indicator&quot;:{&quot;value&quot;:&quot;fas fa-angle-down&quot;,&quot;library&quot;:&quot;fa-solid&quot;},&quot;full_width&quot;:&quot;stretch&quot;,&quot;mobile_layout&quot;:&quot;dropdown&quot;,&quot;close_menu_on_scroll&quot;:&quot;yes&quot;}\" data-widget_type=\"raven-advanced-nav-menu.default\">\n\t\t\t\t<div class=\"elementor-widget-container\">\n\t\t\t\t\t\t\t<!-- Main Menu -->\n\t\t<nav data-layout=\"vertical\" class=\"raven-adnav-menu-main raven-adnav-menu-vertical\">\n\t\t\t\t\t<ul id=\"menu-8622888\" class=\"raven-adnav-menu\">\n\t\t\t\t\t\t\t\t<li class=\"menu-item\" data-width_type=\"default\" data-submenu_pos=\"center\">\n\t\t\t\t\t\t\t\t<a href=\"\/en\/managed-services\/\" class=\"raven-link-item raven-menu-item jupiterx-blur-background-surface\">\n\t\t\t\t\t\t<span class=\"link-text\">\n\t\t\t\t<span class=\"link-label\">\n\t\t\t\t\tManaged Services\t\t\t\t<\/span>\n\t\t\t\t\t\t\t<\/span>\n\t\t<\/a>\n\t\t\t\t\t\t\t<\/li>\n\t\t\t\t\t\t\t\t\t\t<li class=\"menu-item\" data-width_type=\"default\" data-submenu_pos=\"center\">\n\t\t\t\t\t\t\t\t<a href=\"\/en\/managed-applications\/\" class=\"raven-link-item raven-menu-item jupiterx-blur-background-surface\">\n\t\t\t\t\t\t<span class=\"link-text\">\n\t\t\t\t<span class=\"link-label\">\n\t\t\t\t\tManaged Applications\t\t\t\t<\/span>\n\t\t\t\t\t\t\t<\/span>\n\t\t<\/a>\n\t\t\t\t\t\t\t<\/li>\n\t\t\t\t\t\t\t<\/ul>\n\t\t\t\t<\/nav>\n\t\t\t\t\t\t<\/div>\n\t\t\t\t<\/div>\n\t\t\t\t<\/div>\n\t\t\t\t\t<\/div>\n\t\t\t\t<\/div>\n\t\t<div class=\"elementor-element elementor-element-6c35c34 e-con-full e-flex e-con e-parent\" data-id=\"6c35c34\" data-element_type=\"container\" data-e-type=\"container\">\n\t\t<div class=\"elementor-element elementor-element-b4fb856 e-con-full e-flex elementor-invisible e-con e-child\" data-id=\"b4fb856\" data-element_type=\"container\" data-e-type=\"container\" data-settings=\"{&quot;animation&quot;:&quot;fadeInUp&quot;}\">\n\t\t\t\t<div class=\"elementor-element elementor-element-517bb14 elementor-widget elementor-widget-heading\" data-id=\"517bb14\" data-element_type=\"widget\" data-e-type=\"widget\" data-widget_type=\"heading.default\">\n\t\t\t\t\t<h2 class=\"elementor-heading-title elementor-size-default\">IT-Sicherheit, die funktioniert \u2013 ohne Aufwand f\u00fcr Sie<\/h2>\t\t\t\t<\/div>\n\t\t\t\t<div class=\"elementor-element elementor-element-a35e0fa elementor-widget elementor-widget-text-editor\" data-id=\"a35e0fa\" data-element_type=\"widget\" data-e-type=\"widget\" data-widget_type=\"text-editor.default\">\n\t\t\t\t\t\t\t\t\t<p>Echte Sicherheit f\u00fcr Ihr IT-Umgebung mit unseren Managed Hosting Services.<\/p><p>Wir betreiben und pflegen Ihre IT-Landschaft in unserem unternehmenseigenen Rechenzentrum mit Standort in Deutschland.<\/p><p>Die Beschaffung, Einrichtung, Konfiguration, Pflege, Wartung und das Absichern von Servern, Speicher-Systemen und Netzwerkkomponenten ist aufwendig, zeitintensiv und fehleranf\u00e4llig. Wir \u00fcbernehmen das f\u00fcr Sie.<\/p>\t\t\t\t\t\t\t\t<\/div>\n\t\t\t\t<\/div>\n\t\t<div class=\"elementor-element elementor-element-e7821b0 e-con-full e-flex elementor-invisible e-con e-child\" data-id=\"e7821b0\" data-element_type=\"container\" data-e-type=\"container\" data-settings=\"{&quot;animation&quot;:&quot;fadeInRight&quot;}\">\n\t\t\t\t<div class=\"elementor-element elementor-element-17ab4f3 elementor-widget elementor-widget-image\" data-id=\"17ab4f3\" data-element_type=\"widget\" data-e-type=\"widget\" data-widget_type=\"image.default\">\n\t\t\t\t\t\t\t\t\t\t\t\t\t\t\t<img decoding=\"async\" src=\"https:\/\/www.bitformer.net\/wp-content\/uploads\/elementor\/thumbs\/futuristic-computer-network-powers-global-communications-inside-modern-factory-generated-by-artificial-intelligence-scaled-rexkosiu4wpvy6ai00mg40gbuwrdj2xisn60un600w.jpg\" title=\"Futuristic computer network powers global communications inside modern factory generated by AI\" alt=\"Futuristic computer network powers global communications inside modern factory generated by artificial intelligence\" loading=\"lazy\" \/>\t\t\t\t\t\t\t\t\t\t\t\t\t\t\t<\/div>\n\t\t\t\t<\/div>\n\t\t\t\t<\/div>\n\t\t<div class=\"elementor-element elementor-element-3a156a5 e-flex e-con-boxed e-con e-parent\" data-id=\"3a156a5\" data-element_type=\"container\" data-e-type=\"container\" data-settings=\"{&quot;background_background&quot;:&quot;classic&quot;}\">\n\t\t\t\t\t<div class=\"e-con-inner\">\n\t\t\t\t<div class=\"elementor-element elementor-element-232e81a elementor-widget elementor-widget-text-editor\" data-id=\"232e81a\" data-element_type=\"widget\" data-e-type=\"widget\" data-widget_type=\"text-editor.default\">\n\t\t\t\t\t\t\t\t\t<p>Managed Hosting bietet sich insbesondere f\u00fcr Serversysteme an, die erh\u00f6hte Verf\u00fcgbarkeitsanforderungen haben sowie 24\/7 Support ben\u00f6tigen, z.B. ERP-Systeme.<\/p>\t\t\t\t\t\t\t\t<\/div>\n\t\t\t\t\t<\/div>\n\t\t\t\t<\/div>\n\t\t<div class=\"elementor-element elementor-element-1b8bcf2 e-flex e-con-boxed elementor-invisible e-con e-parent\" data-id=\"1b8bcf2\" data-element_type=\"container\" data-e-type=\"container\" data-settings=\"{&quot;animation&quot;:&quot;fadeInUp&quot;}\">\n\t\t\t\t\t<div class=\"e-con-inner\">\n\t\t\t\t<div class=\"elementor-element elementor-element-4b182ce elementor-widget elementor-widget-spacer\" data-id=\"4b182ce\" data-element_type=\"widget\" data-e-type=\"widget\" data-widget_type=\"spacer.default\">\n\t\t\t\t\t\t\t<div class=\"elementor-spacer\">\n\t\t\t<div class=\"elementor-spacer-inner\"><\/div>\n\t\t<\/div>\n\t\t\t\t\t\t<\/div>\n\t\t\t\t<div class=\"elementor-element elementor-element-7e687a6 elementor-widget elementor-widget-heading\" data-id=\"7e687a6\" data-element_type=\"widget\" data-e-type=\"widget\" data-widget_type=\"heading.default\">\n\t\t\t\t\t<h2 class=\"elementor-heading-title elementor-size-default\">Betreuung Ihrer Anwendungen und Systeme<\/h2>\t\t\t\t<\/div>\n\t\t\t\t<div class=\"elementor-element elementor-element-57990e1 elementor-widget elementor-widget-text-editor\" data-id=\"57990e1\" data-element_type=\"widget\" data-e-type=\"widget\" data-widget_type=\"text-editor.default\">\n\t\t\t\t\t\t\t\t\t<p>Wir verstehen unter Managed Hosting Service die qualifizierte und individuelle Betreuung Ihrer Systeme inklusive deren Absicherung durch Firewalls und getrennte Netzwerkbereiche. Ihre individuell konfigurierten Applikationen in unserem Rechenzentrum sind durch regelm\u00e4\u00dfige Software-Updates (Patch Management) jederzeit auf dem aktuellen Stand.<\/p>\t\t\t\t\t\t\t\t<\/div>\n\t\t\t\t<div class=\"elementor-element elementor-element-eeee906 elementor-widget elementor-widget-heading\" data-id=\"eeee906\" data-element_type=\"widget\" data-e-type=\"widget\" data-widget_type=\"heading.default\">\n\t\t\t\t\t<h2 class=\"elementor-heading-title elementor-size-default\">Wir \u00fcbernehmen Verantwortung<\/h2>\t\t\t\t<\/div>\n\t\t\t\t<div class=\"elementor-element elementor-element-e73524a elementor-widget elementor-widget-text-editor\" data-id=\"e73524a\" data-element_type=\"widget\" data-e-type=\"widget\" data-widget_type=\"text-editor.default\">\n\t\t\t\t\t\t\t\t\t<div>Wir \u00fcbernehmen diese Verantwortung f\u00fcr Sie durch t\u00e4gliche \u00dcberwachung, monatlicher Berichte, regelm\u00e4\u00dfige R\u00fccksicherungstests und kontinuierlich aktualisierte Backup-Software. So stellen wir sicher, dass die Daten Ihres Unternehmens regelm\u00e4\u00dfig und zuverl\u00e4ssig gesichert werden.<\/div><div>With our <a href=\"\/en\/cloud-computing\/\"><span style=\"text-decoration: underline;\">Backup-Service<\/span><\/a> k\u00f6nnen Sie das Thema Datensicherung beruhigt abhaken, denn im entscheidenden Moment geht es nicht nur um das Backup, sondern um Restore \u2013 eine schnelle und zuverl\u00e4ssige Wiederherstellung eines m\u00f6glichst aktuellen Zustandes.<\/div>\t\t\t\t\t\t\t\t<\/div>\n\t\t\t\t\t<\/div>\n\t\t\t\t<\/div>\n\t\t<div class=\"elementor-element elementor-element-84e006e e-flex e-con-boxed e-con e-parent\" data-id=\"84e006e\" data-element_type=\"container\" data-e-type=\"container\">\n\t\t\t\t\t<div class=\"e-con-inner\">\n\t\t\t\t<div class=\"elementor-element elementor-element-1f4048a elementor-widget elementor-widget-spacer\" data-id=\"1f4048a\" data-element_type=\"widget\" data-e-type=\"widget\" data-widget_type=\"spacer.default\">\n\t\t\t\t\t\t\t<div class=\"elementor-spacer\">\n\t\t\t<div class=\"elementor-spacer-inner\"><\/div>\n\t\t<\/div>\n\t\t\t\t\t\t<\/div>\n\t\t\t\t\t<\/div>\n\t\t\t\t<\/div>\n\t\t<div class=\"elementor-element elementor-element-5902f2b3 e-flex e-con-boxed e-con e-parent\" data-id=\"5902f2b3\" data-element_type=\"container\" data-e-type=\"container\" data-settings=\"{&quot;background_background&quot;:&quot;classic&quot;}\">\n\t\t\t\t\t<div class=\"e-con-inner\">\n\t\t<div class=\"elementor-element elementor-element-6a31fd3c e-con-full e-flex e-con e-child\" data-id=\"6a31fd3c\" data-element_type=\"container\" data-e-type=\"container\">\n\t\t\t\t<div class=\"elementor-element elementor-element-44b8ea0c elementor-widget__width-initial elementor-widget elementor-widget-heading\" data-id=\"44b8ea0c\" data-element_type=\"widget\" data-e-type=\"widget\" data-widget_type=\"heading.default\">\n\t\t\t\t\t<h2 class=\"elementor-heading-title elementor-size-default\">YOUR CONTACT PERSON<\/h2>\t\t\t\t<\/div>\n\t\t\t\t<div class=\"elementor-element elementor-element-2459a01b elementor-widget elementor-widget-text-editor\" data-id=\"2459a01b\" data-element_type=\"widget\" data-e-type=\"widget\" data-widget_type=\"text-editor.default\">\n\t\t\t\t\t\t\t\t\t<p>Connect with our expert.<br \/>Non-binding, uncomplicated, but always with<br \/>added value for you.<\/p>\t\t\t\t\t\t\t\t<\/div>\n\t\t<div class=\"elementor-element elementor-element-7b47bf07 e-con-full e-flex e-con e-child\" data-id=\"7b47bf07\" data-element_type=\"container\" data-e-type=\"container\">\n\t\t\t\t<div class=\"elementor-element elementor-element-a4191dc elementor-widget elementor-widget-heading\" data-id=\"a4191dc\" data-element_type=\"widget\" data-e-type=\"widget\" data-widget_type=\"heading.default\">\n\t\t\t\t\t<h2 class=\"elementor-heading-title elementor-size-default\">Chris Borgsdorf<\/h2>\t\t\t\t<\/div>\n\t\t\t\t<div class=\"elementor-element elementor-element-1d4c9527 elementor-widget elementor-widget-text-editor\" data-id=\"1d4c9527\" data-element_type=\"widget\" data-e-type=\"widget\" data-widget_type=\"text-editor.default\">\n\t\t\t\t\t\t\t\t\t<p>Managing Director of bitformer GmbH<\/p>\t\t\t\t\t\t\t\t<\/div>\n\t\t\t\t<\/div>\n\t\t\t\t<div class=\"elementor-element elementor-element-202ccadf e-transform elementor-widget elementor-widget-image\" data-id=\"202ccadf\" data-element_type=\"widget\" data-e-type=\"widget\" data-settings=\"{&quot;_transform_scale_effect&quot;:{&quot;unit&quot;:&quot;px&quot;,&quot;size&quot;:0.7,&quot;sizes&quot;:[]},&quot;_transform_scale_effect_tablet&quot;:{&quot;unit&quot;:&quot;px&quot;,&quot;size&quot;:&quot;&quot;,&quot;sizes&quot;:[]},&quot;_transform_scale_effect_mobile&quot;:{&quot;unit&quot;:&quot;px&quot;,&quot;size&quot;:&quot;&quot;,&quot;sizes&quot;:[]}}\" data-widget_type=\"image.default\">\n\t\t\t\t\t\t\t\t\t\t\t\t\t\t\t<img fetchpriority=\"high\" decoding=\"async\" width=\"800\" height=\"1024\" src=\"https:\/\/www.bitformer.net\/wp-content\/uploads\/2026\/03\/chrisborgsdorf-800x1024.png\" class=\"attachment-large size-large wp-image-7461\" alt=\"\" srcset=\"https:\/\/www.bitformer.net\/wp-content\/uploads\/2026\/03\/chrisborgsdorf-800x1024.png 800w, https:\/\/www.bitformer.net\/wp-content\/uploads\/2026\/03\/chrisborgsdorf-234x300.png 234w, https:\/\/www.bitformer.net\/wp-content\/uploads\/2026\/03\/chrisborgsdorf-768x983.png 768w, https:\/\/www.bitformer.net\/wp-content\/uploads\/2026\/03\/chrisborgsdorf-9x12.png 9w, https:\/\/www.bitformer.net\/wp-content\/uploads\/2026\/03\/chrisborgsdorf.png 1080w\" sizes=\"(max-width: 800px) 100vw, 800px\" \/>\t\t\t\t\t\t\t\t\t\t\t\t\t\t\t<\/div>\n\t\t\t\t<\/div>\n\t\t<div class=\"elementor-element elementor-element-aba87c8 e-con-full e-flex e-con e-child\" data-id=\"aba87c8\" data-element_type=\"container\" data-e-type=\"container\">\n\t\t\t\t<div class=\"elementor-element elementor-element-1fc5c15a elementor-widget elementor-widget-shortcode\" data-id=\"1fc5c15a\" data-element_type=\"widget\" data-e-type=\"widget\" data-widget_type=\"shortcode.default\">\n\t\t\t\t\t\t\t<div class=\"elementor-shortcode\"><div class=\"forminator-ui forminator-custom-form forminator-custom-form-2470 forminator-design--material  forminator_ajax\" data-forminator-render=\"0\" data-form=\"forminator-module-2470\" data-uid=\"69fc4c1dce015\"><br\/><\/div><form\n\t\t\t\tid=\"forminator-module-2470\"\n\t\t\t\tclass=\"forminator-ui forminator-custom-form forminator-custom-form-2470 forminator-design--material  forminator_ajax\"\n\t\t\t\tmethod=\"post\"\n\t\t\t\tdata-forminator-render=\"0\"\n\t\t\t\tdata-form-id=\"2470\"\n\t\t\t\t data-color-option=\"theme\" data-design=\"material\" data-grid=\"open\" style=\"display: none;\"\n\t\t\t\tdata-uid=\"69fc4c1dce015\" action=\"\"\n\t\t\t><div role=\"alert\" aria-live=\"polite\" class=\"forminator-response-message forminator-error\" aria-hidden=\"true\"><\/div><div class=\"forminator-row\"><div id=\"name-3\" class=\"forminator-field-name forminator-col forminator-col-6\"><div class=\"forminator-field\"><label for=\"forminator-field-name-3_69fc4c1dce015\" id=\"forminator-field-name-3_69fc4c1dce015-label\" class=\"forminator-label\">Your company <span class=\"forminator-required\">*<\/span><\/label><input type=\"text\" name=\"name-3\" value=\"\" placeholder=\"\" id=\"forminator-field-name-3_69fc4c1dce015\" class=\"forminator-input forminator-name--field\" aria-required=\"true\" autocomplete=\"name\" \/><\/div><\/div><div id=\"name-1\" class=\"forminator-field-name forminator-col forminator-col-6\"><div class=\"forminator-field\"><label for=\"forminator-field-name-1_69fc4c1dce015\" id=\"forminator-field-name-1_69fc4c1dce015-label\" class=\"forminator-label\">Your name <span class=\"forminator-required\">*<\/span><\/label><input type=\"text\" name=\"name-1\" value=\"\" placeholder=\"\" id=\"forminator-field-name-1_69fc4c1dce015\" class=\"forminator-input forminator-name--field\" aria-required=\"true\" autocomplete=\"name\" \/><\/div><\/div><\/div><div class=\"forminator-row\"><div id=\"email-1\" class=\"forminator-field-email forminator-col forminator-col-6\"><div class=\"forminator-field\"><label for=\"forminator-field-email-1_69fc4c1dce015\" id=\"forminator-field-email-1_69fc4c1dce015-label\" class=\"forminator-label\">Email address <span class=\"forminator-required\">*<\/span><\/label><input type=\"email\" name=\"email-1\" value=\"\" placeholder=\"\" id=\"forminator-field-email-1_69fc4c1dce015\" class=\"forminator-input forminator-email--field\" data-required=\"true\" aria-required=\"true\" autocomplete=\"email\" \/><\/div><\/div><div id=\"phone-1\" class=\"forminator-field-phone forminator-col forminator-col-6\"><div class=\"forminator-field\"><label for=\"forminator-field-phone-1_69fc4c1dce015\" id=\"forminator-field-phone-1_69fc4c1dce015-label\" class=\"forminator-label\">Phone number<\/label><input type=\"text\" name=\"phone-1\" value=\"\" placeholder=\"\" id=\"forminator-field-phone-1_69fc4c1dce015\" class=\"forminator-input forminator-field--phone\" data-required=\"\" aria-required=\"false\" autocomplete=\"off\" \/><\/div><\/div><\/div><div class=\"forminator-row\"><div id=\"text-1\" class=\"forminator-field-text forminator-col forminator-col-12\"><div class=\"forminator-field\"><label for=\"forminator-field-text-1_69fc4c1dce015\" id=\"forminator-field-text-1_69fc4c1dce015-label\" class=\"forminator-label\">Subject<\/label><input type=\"text\" name=\"text-1\" value=\"\" placeholder=\"\" id=\"forminator-field-text-1_69fc4c1dce015\" class=\"forminator-input forminator-name--field\" data-required=\"\" \/><\/div><\/div><\/div><div class=\"forminator-row\"><div id=\"textarea-1\" class=\"forminator-field-textarea forminator-col forminator-col-12\"><div class=\"forminator-field\"><label for=\"forminator-field-textarea-1_69fc4c1dce015\" id=\"forminator-field-textarea-1_69fc4c1dce015-label\" class=\"forminator-label\">Message<\/label><textarea name=\"textarea-1\" placeholder=\"\" id=\"forminator-field-textarea-1_69fc4c1dce015\" class=\"forminator-textarea\" rows=\"6\" style=\"--forminator-textarea-min-height:140px;\" ><\/textarea><\/div><\/div><\/div><div class=\"forminator-row\"><div id=\"consent-1\" class=\"forminator-field-consent forminator-col forminator-col-12\"><div class=\"forminator-field\"><label for=\"forminator-field-consent-1_69fc4c1dce015\" id=\"forminator-field-consent-1_69fc4c1dce015-label\" class=\"forminator-label\">Consent <span class=\"forminator-required\">*<\/span><\/label><div class=\"forminator-checkbox__wrapper\"><label id=\"forminator-field-consent-1_69fc4c1dce015__label\" class=\"forminator-checkbox forminator-consent\"><input type=\"checkbox\" name=\"consent-1\" id=\"forminator-field-consent-1_69fc4c1dce015\" value=\"checked\" aria-labelledby=\"forminator-field-consent-1_69fc4c1dce015-label\" aria-describedby=\"forminator-field-consent-1_69fc4c1dce015__description\" data-required=\"true\" aria-required=\"true\" \/><span class=\"forminator-checkbox-box\" aria-hidden=\"true\"><\/span><\/label><div id=\"forminator-field-consent-1_69fc4c1dce015__description\" class=\"forminator-checkbox__label forminator-consent__label\"><p>I have the information on <a href=\"\/en\/datenschutz\/\">Data protection<\/a> Read and agree to the processing and storage of my data in the context of case processing.<\/p><\/div><\/div><\/div><\/div><\/div><input type=\"hidden\" name=\"referer_url\" value=\"\" \/><div class=\"forminator-row forminator-row-last\"><div class=\"forminator-col\"><div class=\"forminator-field\"><button class=\"forminator-button forminator-button-submit\"><span>Send<\/span><span aria-hidden=\"true\"><\/span><\/button><\/div><\/div><\/div><input type=\"hidden\" id=\"forminator_nonce\" name=\"forminator_nonce\" value=\"9c75c93b76\" \/><input type=\"hidden\" name=\"_wp_http_referer\" value=\"\/en\/wp-json\/wp\/v2\/pages\/3826\" \/><input type=\"hidden\" name=\"form_id\" value=\"2470\"><input type=\"hidden\" name=\"page_id\" value=\"3826\"><input type=\"hidden\" name=\"form_type\" value=\"default\"><input type=\"hidden\" name=\"current_url\" value=\"https:\/\/www.bitformer.net\/en\/it-betrieb-und-service\/managed-hosting\/\"><input type=\"hidden\" name=\"render_id\" value=\"0\"><input type=\"hidden\" name=\"action\" value=\"forminator_submit_form_custom-forms\"><label for=\"input_8\" class=\"forminator-hidden\" aria-hidden=\"true\">Please do not fill in this field. <input id=\"input_8\" type=\"text\" name=\"input_8\" value=\"\" autocomplete=\"off\"><\/label><input type=\"hidden\" name=\"trp-form-language\" value=\"en\"\/><\/form><\/div>\n\t\t\t\t\t\t<\/div>\n\t\t\t\t<\/div>\n\t\t\t\t\t<\/div>\n\t\t\t\t<\/div>\n\t\t\t\t<\/div>","protected":false},"excerpt":{"rendered":"<p>Home Managed Hosting Ihre IT sicher und zuverl\u00e4ssig in besten H\u00e4nden Managed Services Managed Applications IT-Sicherheit, die funktioniert \u2013 ohne Aufwand f\u00fcr Sie Echte Sicherheit f\u00fcr Ihr IT-Umgebung mit unseren Managed Hosting Services. Wir betreiben und pflegen Ihre IT-Landschaft in unserem unternehmenseigenen Rechenzentrum mit Standort in Deutschland. Die Beschaffung, Einrichtung, Konfiguration, Pflege, Wartung und das [&hellip;]<\/p>\n","protected":false},"author":2,"featured_media":0,"parent":2325,"menu_order":0,"comment_status":"closed","ping_status":"closed","template":"full-width.php","meta":{"_acf_changed":false,"footnotes":""},"class_list":["post-3826","page","type-page","status-publish","hentry"],"acf":[],"_links":{"self":[{"href":"https:\/\/www.bitformer.net\/en\/wp-json\/wp\/v2\/pages\/3826","targetHints":{"allow":["GET"]}}],"collection":[{"href":"https:\/\/www.bitformer.net\/en\/wp-json\/wp\/v2\/pages"}],"about":[{"href":"https:\/\/www.bitformer.net\/en\/wp-json\/wp\/v2\/types\/page"}],"author":[{"embeddable":true,"href":"https:\/\/www.bitformer.net\/en\/wp-json\/wp\/v2\/users\/2"}],"replies":[{"embeddable":true,"href":"https:\/\/www.bitformer.net\/en\/wp-json\/wp\/v2\/comments?post=3826"}],"version-history":[{"count":10,"href":"https:\/\/www.bitformer.net\/en\/wp-json\/wp\/v2\/pages\/3826\/revisions"}],"predecessor-version":[{"id":9312,"href":"https:\/\/www.bitformer.net\/en\/wp-json\/wp\/v2\/pages\/3826\/revisions\/9312"}],"up":[{"embeddable":true,"href":"https:\/\/www.bitformer.net\/en\/wp-json\/wp\/v2\/pages\/2325"}],"wp:attachment":[{"href":"https:\/\/www.bitformer.net\/en\/wp-json\/wp\/v2\/media?parent=3826"}],"curies":[{"name":"wp","href":"https:\/\/api.w.org\/{rel}","templated":true}]}}