{"id":3834,"date":"2026-03-04T11:30:17","date_gmt":"2026-03-04T10:30:17","guid":{"rendered":"https:\/\/www.bitformer.net\/?page_id=3834"},"modified":"2026-05-06T12:36:53","modified_gmt":"2026-05-06T10:36:53","slug":"cybersicherheit","status":"publish","type":"page","link":"https:\/\/www.bitformer.net\/en\/it-security\/cybersicherheit\/","title":{"rendered":"Cybersecurity"},"content":{"rendered":"<div data-elementor-type=\"wp-page\" data-elementor-id=\"3834\" class=\"elementor elementor-3834\">\n\t\t\t\t<div class=\"elementor-element elementor-element-7264766 e-flex e-con-boxed e-con e-parent\" data-id=\"7264766\" data-element_type=\"container\" data-e-type=\"container\" data-settings=\"{&quot;background_background&quot;:&quot;video&quot;,&quot;background_video_link&quot;:&quot;https:\\\/\\\/www.bitformer.net\\\/wp-content\\\/uploads\\\/2026\\\/03\\\/blue-bg-flowing.mp4&quot;}\">\n\t\t\t\t\t<div class=\"e-con-inner\">\n\t\t<div class=\"elementor-background-video-container elementor-hidden-mobile\">\n\t\t\t\t\t\t\t<video class=\"elementor-background-video-hosted\" role=\"presentation\" autoplay muted playsinline loop><\/video>\n\t\t\t\t\t<\/div><div class=\"elementor-element elementor-element-4b70b60 e-con-full e-flex elementor-invisible e-con e-child\" data-id=\"4b70b60\" data-element_type=\"container\" data-e-type=\"container\" data-settings=\"{&quot;background_background&quot;:&quot;classic&quot;,&quot;animation&quot;:&quot;fadeInUp&quot;}\">\n\t\t\t\t<div class=\"elementor-element elementor-element-246e81c elementor-align-left elementor-widget elementor-widget-raven-breadcrumbs\" data-id=\"246e81c\" data-element_type=\"widget\" data-e-type=\"widget\" data-widget_type=\"raven-breadcrumbs.default\">\n\t\t\t\t<div class=\"elementor-widget-container\">\n\t\t\t\t\t<div class=\"raven-breadcrumbs raven-breadcrumbs-default\"><div class=\"breadcrumb\">\t\t\t\t\t\t\t\t<div class=\"breadcrumb-item active\" aria-current=\"page\"><span>Home<\/span><\/div>\n\n\t\t\t\t<\/div><\/div>\t\t\t\t<\/div>\n\t\t\t\t<\/div>\n\t\t\t\t<div class=\"elementor-element elementor-element-50424af elementor-widget elementor-widget-heading\" data-id=\"50424af\" data-element_type=\"widget\" data-e-type=\"widget\" data-widget_type=\"heading.default\">\n\t\t\t\t\t<h1 class=\"elementor-heading-title elementor-size-default\">Cybersecurity<\/h1>\t\t\t\t<\/div>\n\t\t\t\t<div class=\"elementor-element elementor-element-8b9295b elementor-widget elementor-widget-heading\" data-id=\"8b9295b\" data-element_type=\"widget\" data-e-type=\"widget\" data-widget_type=\"heading.default\">\n\t\t\t\t\t<h2 class=\"elementor-heading-title elementor-size-default\">Protecting your company's data<\/h2>\t\t\t\t<\/div>\n\t\t\t\t<\/div>\n\t\t<div class=\"elementor-element elementor-element-fc6152c e-con-full e-flex e-con e-child\" data-id=\"fc6152c\" data-element_type=\"container\" data-e-type=\"container\" data-settings=\"{&quot;background_background&quot;:&quot;classic&quot;}\">\n\t\t\t\t<div class=\"elementor-element elementor-element-469eb0d main-layout-vertical raven-nav-alignment-start pointer-none submenu-anim-fade raven-dropdown-stretch raven-nav-menu-align-flex-start raven-nav-menu-align-center elementor-widget elementor-widget-raven-advanced-nav-menu\" data-id=\"469eb0d\" data-element_type=\"widget\" data-e-type=\"widget\" data-settings=\"{&quot;submenu_indicator&quot;:{&quot;value&quot;:&quot;fas fa-angle-down&quot;,&quot;library&quot;:&quot;fa-solid&quot;},&quot;full_width&quot;:&quot;stretch&quot;,&quot;mobile_layout&quot;:&quot;dropdown&quot;,&quot;close_menu_on_scroll&quot;:&quot;yes&quot;}\" data-widget_type=\"raven-advanced-nav-menu.default\">\n\t\t\t\t<div class=\"elementor-widget-container\">\n\t\t\t\t\t\t\t<!-- Main Menu -->\n\t\t<nav data-layout=\"vertical\" class=\"raven-adnav-menu-main raven-adnav-menu-vertical\">\n\t\t\t\t\t<ul id=\"menu-469eb0d\" class=\"raven-adnav-menu\">\n\t\t\t\t\t\t\t\t<li class=\"menu-item\" data-width_type=\"default\" data-submenu_pos=\"center\">\n\t\t\t\t\t\t\t\t<a target=\"_blank\" href=\"\/en\/externer-isb\/\" class=\"raven-link-item raven-menu-item jupiterx-blur-background-surface\">\n\t\t\t\t\t\t<span class=\"link-text\">\n\t\t\t\t<span class=\"link-label\">\n\t\t\t\t\tExternal ISO\t\t\t\t<\/span>\n\t\t\t\t\t\t\t<\/span>\n\t\t<\/a>\n\t\t\t\t\t\t\t<\/li>\n\t\t\t\t\t\t\t\t\t\t<li class=\"menu-item\" data-width_type=\"default\" data-submenu_pos=\"center\">\n\t\t\t\t\t\t\t\t<a target=\"_blank\" href=\"\/en\/isms\/\" class=\"raven-link-item raven-menu-item jupiterx-blur-background-surface\">\n\t\t\t\t\t\t<span class=\"link-text\">\n\t\t\t\t<span class=\"link-label\">\n\t\t\t\t\tInformation Security Management System\t\t\t\t<\/span>\n\t\t\t\t\t\t\t<\/span>\n\t\t<\/a>\n\t\t\t\t\t\t\t<\/li>\n\t\t\t\t\t\t\t\t\t\t<li class=\"menu-item\" data-width_type=\"default\" data-submenu_pos=\"center\">\n\t\t\t\t\t\t\t\t<a target=\"_blank\" href=\"\/en\/sensibilisierung\/\" class=\"raven-link-item raven-menu-item jupiterx-blur-background-surface\">\n\t\t\t\t\t\t<span class=\"link-text\">\n\t\t\t\t<span class=\"link-label\">\n\t\t\t\t\tSensitisation\t\t\t\t<\/span>\n\t\t\t\t\t\t\t<\/span>\n\t\t<\/a>\n\t\t\t\t\t\t\t<\/li>\n\t\t\t\t\t\t\t\t\t\t<li class=\"menu-item\" data-width_type=\"default\" data-submenu_pos=\"center\">\n\t\t\t\t\t\t\t\t<a href=\"\/en\/quick-audit-it\/\" class=\"raven-link-item raven-menu-item jupiterx-blur-background-surface\">\n\t\t\t\t\t\t<span class=\"link-text\">\n\t\t\t\t<span class=\"link-label\">\n\t\t\t\t\tQuick Audit IT\t\t\t\t<\/span>\n\t\t\t\t\t\t\t<\/span>\n\t\t<\/a>\n\t\t\t\t\t\t\t<\/li>\n\t\t\t\t\t\t\t\t\t\t<li class=\"menu-item\" data-width_type=\"default\" data-submenu_pos=\"center\">\n\t\t\t\t\t\t\t\t<a href=\"\/en\/nis2\/\" class=\"raven-link-item raven-menu-item jupiterx-blur-background-surface\">\n\t\t\t\t\t\t<span class=\"link-text\">\n\t\t\t\t<span class=\"link-label\">\n\t\t\t\t\tNIS2\t\t\t\t<\/span>\n\t\t\t\t\t\t\t<\/span>\n\t\t<\/a>\n\t\t\t\t\t\t\t<\/li>\n\t\t\t\t\t\t\t<\/ul>\n\t\t\t\t<\/nav>\n\t\t\t\t\t\t<\/div>\n\t\t\t\t<\/div>\n\t\t\t\t<\/div>\n\t\t\t\t\t<\/div>\n\t\t\t\t<\/div>\n\t\t<div class=\"elementor-element elementor-element-6c35c34 e-con-full e-flex e-con e-parent\" data-id=\"6c35c34\" data-element_type=\"container\" data-e-type=\"container\">\n\t\t<div class=\"elementor-element elementor-element-b4fb856 e-con-full e-flex elementor-invisible e-con e-child\" data-id=\"b4fb856\" data-element_type=\"container\" data-e-type=\"container\" data-settings=\"{&quot;animation&quot;:&quot;fadeInUp&quot;}\">\n\t\t\t\t<div class=\"elementor-element elementor-element-3e5c864 elementor-widget elementor-widget-heading\" data-id=\"3e5c864\" data-element_type=\"widget\" data-e-type=\"widget\" data-widget_type=\"heading.default\">\n\t\t\t\t\t<h2 class=\"elementor-heading-title elementor-size-default\">Act proactively rather than reactively<\/h2>\t\t\t\t<\/div>\n\t\t\t\t<div class=\"elementor-element elementor-element-a35e0fa elementor-widget elementor-widget-text-editor\" data-id=\"a35e0fa\" data-element_type=\"widget\" data-e-type=\"widget\" data-widget_type=\"text-editor.default\">\n\t\t\t\t\t\t\t\t\t<p class=\"p1\">Cybersecurity is a key prerequisite for the sustainable success of businesses today. In an increasingly digitalised world, where business processes, data, and communication are closely interconnected, the attack surface for cybercrime is also growing continuously.\u00a0<\/p><p class=\"p1\">We support you in future-proofing your IT security strategy, identifying risks early on, and implementing effective protective measures. A holistic approach that takes equal account of technology, processes, and people is important here.<\/p><p class=\"p1\"><strong> We create the foundation for stable business processes, trust with customers and partners, and long-term competitiveness for you.<\/strong><\/p>\t\t\t\t\t\t\t\t<\/div>\n\t\t\t\t<\/div>\n\t\t<div class=\"elementor-element elementor-element-e7821b0 e-con-full e-flex elementor-invisible e-con e-child\" data-id=\"e7821b0\" data-element_type=\"container\" data-e-type=\"container\" data-settings=\"{&quot;animation&quot;:&quot;fadeInRight&quot;}\">\n\t\t\t\t<div class=\"elementor-element elementor-element-17ab4f3 elementor-widget elementor-widget-image\" data-id=\"17ab4f3\" data-element_type=\"widget\" data-e-type=\"widget\" data-widget_type=\"image.default\">\n\t\t\t\t\t\t\t\t\t\t\t\t\t\t\t<img fetchpriority=\"high\" decoding=\"async\" width=\"1024\" height=\"683\" src=\"https:\/\/www.bitformer.net\/wp-content\/uploads\/2026\/03\/malware-breaking-into-database-screen-1024x683.webp\" class=\"attachment-large size-large wp-image-4997\" alt=\"\" srcset=\"https:\/\/www.bitformer.net\/wp-content\/uploads\/2026\/03\/malware-breaking-into-database-screen-1024x683.webp 1024w, https:\/\/www.bitformer.net\/wp-content\/uploads\/2026\/03\/malware-breaking-into-database-screen-300x200.webp 300w, https:\/\/www.bitformer.net\/wp-content\/uploads\/2026\/03\/malware-breaking-into-database-screen-768x512.webp 768w, https:\/\/www.bitformer.net\/wp-content\/uploads\/2026\/03\/malware-breaking-into-database-screen-1536x1024.webp 1536w, https:\/\/www.bitformer.net\/wp-content\/uploads\/2026\/03\/malware-breaking-into-database-screen-scaled.webp 1920w\" sizes=\"(max-width: 1024px) 100vw, 1024px\" \/>\t\t\t\t\t\t\t\t\t\t\t\t\t\t\t<\/div>\n\t\t\t\t<\/div>\n\t\t\t\t<\/div>\n\t\t<div class=\"elementor-element elementor-element-3a156a5 e-flex e-con-boxed e-con e-parent\" data-id=\"3a156a5\" data-element_type=\"container\" data-e-type=\"container\" data-settings=\"{&quot;background_background&quot;:&quot;classic&quot;}\">\n\t\t\t\t\t<div class=\"e-con-inner\">\n\t\t\t\t<div class=\"elementor-element elementor-element-232e81a elementor-widget elementor-widget-text-editor\" data-id=\"232e81a\" data-element_type=\"widget\" data-e-type=\"widget\" data-widget_type=\"text-editor.default\">\n\t\t\t\t\t\t\t\t\t<p class=\"p1\">The biggest security vulnerability is often not in the system, but in front of it.<\/p>\t\t\t\t\t\t\t\t<\/div>\n\t\t\t\t\t<\/div>\n\t\t\t\t<\/div>\n\t\t<div class=\"elementor-element elementor-element-1b8bcf2 e-flex e-con-boxed e-con e-parent\" data-id=\"1b8bcf2\" data-element_type=\"container\" data-e-type=\"container\">\n\t\t\t\t\t<div class=\"e-con-inner\">\n\t\t\t\t<div class=\"elementor-element elementor-element-b44f8b2 elementor-widget elementor-widget-spacer\" data-id=\"b44f8b2\" data-element_type=\"widget\" data-e-type=\"widget\" data-widget_type=\"spacer.default\">\n\t\t\t\t\t\t\t<div class=\"elementor-spacer\">\n\t\t\t<div class=\"elementor-spacer-inner\"><\/div>\n\t\t<\/div>\n\t\t\t\t\t\t<\/div>\n\t\t\t\t<div class=\"elementor-element elementor-element-97de31c elementor-widget elementor-widget-text-editor\" data-id=\"97de31c\" data-element_type=\"widget\" data-e-type=\"widget\" data-widget_type=\"text-editor.default\">\n\t\t\t\t\t\t\t\t\t<p>Although the study surveyed companies with more than ten employees and a turnover exceeding one million euros, small businesses, such as craft workshops, are not safe from attacks either.\u00a0<\/p><p><strong>The reason: attackers specifically target smaller companies as an \u201eentry point\u201c because they work as suppliers or service providers for larger companies and have access to their IT systems.<\/strong><\/p><p>We manage your IT security by cataloguing your IT landscape, conducting comprehensive audits, detecting cyber threats early, and saving your system administrators considerable time.<\/p><p>The aim is to protect all data from unauthorised third-party access and to avoid economic damage from, for example, ransomware, as well as loss of reputation and criminal consequences due to GDPR violations.<\/p>\t\t\t\t\t\t\t\t<\/div>\n\t\t\t\t<div class=\"elementor-element elementor-element-c5e0613 elementor-widget elementor-widget-heading\" data-id=\"c5e0613\" data-element_type=\"widget\" data-e-type=\"widget\" data-widget_type=\"heading.default\">\n\t\t\t\t\t<h2 class=\"elementor-heading-title elementor-size-default\">We protect your data from unauthorised third-party access by:<\/h2>\t\t\t\t<\/div>\n\t\t\t\t<div class=\"elementor-element elementor-element-8a0b4e6 elementor-widget elementor-widget-text-editor\" data-id=\"8a0b4e6\" data-element_type=\"widget\" data-e-type=\"widget\" data-widget_type=\"text-editor.default\">\n\t\t\t\t\t\t\t\t\t<ul><li>Always up-to-date firewall software (hardware and software)<\/li><li>Training your employees on <a href=\"https:\/\/www.bitformer.net\/en\/it-security\/sicherheitsmanagement\/\">Information Security<\/a><\/li><li>Data backup concept<\/li><li>Detection of safety-relevant events<\/li><\/ul><p>Leave these complex and time-consuming processes to us and save time and costs.<\/p>\t\t\t\t\t\t\t\t<\/div>\n\t\t\t\t<div class=\"elementor-element elementor-element-caa6179 elementor-widget elementor-widget-spacer\" data-id=\"caa6179\" data-element_type=\"widget\" data-e-type=\"widget\" data-widget_type=\"spacer.default\">\n\t\t\t\t\t\t\t<div class=\"elementor-spacer\">\n\t\t\t<div class=\"elementor-spacer-inner\"><\/div>\n\t\t<\/div>\n\t\t\t\t\t\t<\/div>\n\t\t\t\t\t<\/div>\n\t\t\t\t<\/div>\n\t\t<div class=\"elementor-element elementor-element-16b2ef72 e-flex e-con-boxed e-con e-parent\" data-id=\"16b2ef72\" data-element_type=\"container\" data-e-type=\"container\" data-settings=\"{&quot;background_background&quot;:&quot;classic&quot;}\">\n\t\t\t\t\t<div class=\"e-con-inner\">\n\t\t<div class=\"elementor-element elementor-element-7ac17855 e-con-full e-flex e-con e-child\" data-id=\"7ac17855\" data-element_type=\"container\" data-e-type=\"container\">\n\t\t\t\t<div class=\"elementor-element elementor-element-5210ca9c elementor-widget__width-initial elementor-widget elementor-widget-heading\" data-id=\"5210ca9c\" data-element_type=\"widget\" data-e-type=\"widget\" data-widget_type=\"heading.default\">\n\t\t\t\t\t<h2 class=\"elementor-heading-title elementor-size-default\">YOUR CONTACT PERSON<\/h2>\t\t\t\t<\/div>\n\t\t\t\t<div class=\"elementor-element elementor-element-624bd0f3 elementor-widget elementor-widget-text-editor\" data-id=\"624bd0f3\" data-element_type=\"widget\" data-e-type=\"widget\" data-widget_type=\"text-editor.default\">\n\t\t\t\t\t\t\t\t\t<p>Connect with our expert.<br \/>Non-binding, uncomplicated, but always with<br \/>added value for you.<\/p>\t\t\t\t\t\t\t\t<\/div>\n\t\t<div class=\"elementor-element elementor-element-7120e43b e-con-full e-flex e-con e-child\" data-id=\"7120e43b\" data-element_type=\"container\" data-e-type=\"container\">\n\t\t\t\t<div class=\"elementor-element elementor-element-2590553d elementor-widget elementor-widget-heading\" data-id=\"2590553d\" data-element_type=\"widget\" data-e-type=\"widget\" data-widget_type=\"heading.default\">\n\t\t\t\t\t<h2 class=\"elementor-heading-title elementor-size-default\">RALPH D\u00d6RFLER<\/h2>\t\t\t\t<\/div>\n\t\t\t\t<div class=\"elementor-element elementor-element-3807f938 elementor-widget elementor-widget-text-editor\" data-id=\"3807f938\" data-element_type=\"widget\" data-e-type=\"widget\" data-widget_type=\"text-editor.default\">\n\t\t\t\t\t\t\t\t\t<p>Head of IT Security<\/p>\t\t\t\t\t\t\t\t<\/div>\n\t\t\t\t<\/div>\n\t\t\t\t<div class=\"elementor-element elementor-element-66ce0f99 e-transform elementor-widget elementor-widget-image\" data-id=\"66ce0f99\" data-element_type=\"widget\" data-e-type=\"widget\" data-settings=\"{&quot;_transform_scale_effect&quot;:{&quot;unit&quot;:&quot;px&quot;,&quot;size&quot;:0.7,&quot;sizes&quot;:[]},&quot;_transform_scale_effect_tablet&quot;:{&quot;unit&quot;:&quot;px&quot;,&quot;size&quot;:&quot;&quot;,&quot;sizes&quot;:[]},&quot;_transform_scale_effect_mobile&quot;:{&quot;unit&quot;:&quot;px&quot;,&quot;size&quot;:&quot;&quot;,&quot;sizes&quot;:[]}}\" data-widget_type=\"image.default\">\n\t\t\t\t\t\t\t\t\t\t\t\t\t\t\t<img decoding=\"async\" width=\"857\" height=\"1024\" src=\"https:\/\/www.bitformer.net\/wp-content\/uploads\/2026\/03\/ralphdoerfler1-2-857x1024.png\" class=\"attachment-large size-large wp-image-7423\" alt=\"\" srcset=\"https:\/\/www.bitformer.net\/wp-content\/uploads\/2026\/03\/ralphdoerfler1-2-857x1024.png 857w, https:\/\/www.bitformer.net\/wp-content\/uploads\/2026\/03\/ralphdoerfler1-2-251x300.png 251w, https:\/\/www.bitformer.net\/wp-content\/uploads\/2026\/03\/ralphdoerfler1-2-768x918.png 768w, https:\/\/www.bitformer.net\/wp-content\/uploads\/2026\/03\/ralphdoerfler1-2-10x12.png 10w, https:\/\/www.bitformer.net\/wp-content\/uploads\/2026\/03\/ralphdoerfler1-2.png 1080w\" sizes=\"(max-width: 857px) 100vw, 857px\" \/>\t\t\t\t\t\t\t\t\t\t\t\t\t\t\t<\/div>\n\t\t\t\t<\/div>\n\t\t<div class=\"elementor-element elementor-element-44e4af91 e-con-full e-flex e-con e-child\" data-id=\"44e4af91\" data-element_type=\"container\" data-e-type=\"container\">\n\t\t\t\t<div class=\"elementor-element elementor-element-5c2fd0ad elementor-widget elementor-widget-shortcode\" data-id=\"5c2fd0ad\" data-element_type=\"widget\" data-e-type=\"widget\" data-widget_type=\"shortcode.default\">\n\t\t\t\t\t\t\t<div class=\"elementor-shortcode\"><div class=\"forminator-ui forminator-custom-form forminator-custom-form-2470 forminator-design--material  forminator_ajax\" data-forminator-render=\"0\" data-form=\"forminator-module-2470\" data-uid=\"69fc4bd784710\"><br\/><\/div><form\n\t\t\t\tid=\"forminator-module-2470\"\n\t\t\t\tclass=\"forminator-ui forminator-custom-form forminator-custom-form-2470 forminator-design--material  forminator_ajax\"\n\t\t\t\tmethod=\"post\"\n\t\t\t\tdata-forminator-render=\"0\"\n\t\t\t\tdata-form-id=\"2470\"\n\t\t\t\t data-color-option=\"theme\" data-design=\"material\" data-grid=\"open\" style=\"display: none;\"\n\t\t\t\tdata-uid=\"69fc4bd784710\" action=\"\"\n\t\t\t><div role=\"alert\" aria-live=\"polite\" class=\"forminator-response-message forminator-error\" aria-hidden=\"true\"><\/div><div class=\"forminator-row\"><div id=\"name-3\" class=\"forminator-field-name forminator-col forminator-col-6\"><div class=\"forminator-field\"><label for=\"forminator-field-name-3_69fc4bd784710\" id=\"forminator-field-name-3_69fc4bd784710-label\" class=\"forminator-label\">Your company <span class=\"forminator-required\">*<\/span><\/label><input type=\"text\" name=\"name-3\" value=\"\" placeholder=\"\" id=\"forminator-field-name-3_69fc4bd784710\" class=\"forminator-input forminator-name--field\" aria-required=\"true\" autocomplete=\"name\" \/><\/div><\/div><div id=\"name-1\" class=\"forminator-field-name forminator-col forminator-col-6\"><div class=\"forminator-field\"><label for=\"forminator-field-name-1_69fc4bd784710\" id=\"forminator-field-name-1_69fc4bd784710-label\" class=\"forminator-label\">Your name <span class=\"forminator-required\">*<\/span><\/label><input type=\"text\" name=\"name-1\" value=\"\" placeholder=\"\" id=\"forminator-field-name-1_69fc4bd784710\" class=\"forminator-input forminator-name--field\" aria-required=\"true\" autocomplete=\"name\" \/><\/div><\/div><\/div><div class=\"forminator-row\"><div id=\"email-1\" class=\"forminator-field-email forminator-col forminator-col-6\"><div class=\"forminator-field\"><label for=\"forminator-field-email-1_69fc4bd784710\" id=\"forminator-field-email-1_69fc4bd784710-label\" class=\"forminator-label\">Email address <span class=\"forminator-required\">*<\/span><\/label><input type=\"email\" name=\"email-1\" value=\"\" placeholder=\"\" id=\"forminator-field-email-1_69fc4bd784710\" class=\"forminator-input forminator-email--field\" data-required=\"true\" aria-required=\"true\" autocomplete=\"email\" \/><\/div><\/div><div id=\"phone-1\" class=\"forminator-field-phone forminator-col forminator-col-6\"><div class=\"forminator-field\"><label for=\"forminator-field-phone-1_69fc4bd784710\" id=\"forminator-field-phone-1_69fc4bd784710-label\" class=\"forminator-label\">Phone number<\/label><input type=\"text\" name=\"phone-1\" value=\"\" placeholder=\"\" id=\"forminator-field-phone-1_69fc4bd784710\" class=\"forminator-input forminator-field--phone\" data-required=\"\" aria-required=\"false\" autocomplete=\"off\" \/><\/div><\/div><\/div><div class=\"forminator-row\"><div id=\"text-1\" class=\"forminator-field-text forminator-col forminator-col-12\"><div class=\"forminator-field\"><label for=\"forminator-field-text-1_69fc4bd784710\" id=\"forminator-field-text-1_69fc4bd784710-label\" class=\"forminator-label\">Subject<\/label><input type=\"text\" name=\"text-1\" value=\"\" placeholder=\"\" id=\"forminator-field-text-1_69fc4bd784710\" class=\"forminator-input forminator-name--field\" data-required=\"\" \/><\/div><\/div><\/div><div class=\"forminator-row\"><div id=\"textarea-1\" class=\"forminator-field-textarea forminator-col forminator-col-12\"><div class=\"forminator-field\"><label for=\"forminator-field-textarea-1_69fc4bd784710\" id=\"forminator-field-textarea-1_69fc4bd784710-label\" class=\"forminator-label\">Message<\/label><textarea name=\"textarea-1\" placeholder=\"\" id=\"forminator-field-textarea-1_69fc4bd784710\" class=\"forminator-textarea\" rows=\"6\" style=\"--forminator-textarea-min-height:140px;\" ><\/textarea><\/div><\/div><\/div><div class=\"forminator-row\"><div id=\"consent-1\" class=\"forminator-field-consent forminator-col forminator-col-12\"><div class=\"forminator-field\"><label for=\"forminator-field-consent-1_69fc4bd784710\" id=\"forminator-field-consent-1_69fc4bd784710-label\" class=\"forminator-label\">Consent <span class=\"forminator-required\">*<\/span><\/label><div class=\"forminator-checkbox__wrapper\"><label id=\"forminator-field-consent-1_69fc4bd784710__label\" class=\"forminator-checkbox forminator-consent\"><input type=\"checkbox\" name=\"consent-1\" id=\"forminator-field-consent-1_69fc4bd784710\" value=\"checked\" aria-labelledby=\"forminator-field-consent-1_69fc4bd784710-label\" aria-describedby=\"forminator-field-consent-1_69fc4bd784710__description\" data-required=\"true\" aria-required=\"true\" \/><span class=\"forminator-checkbox-box\" aria-hidden=\"true\"><\/span><\/label><div id=\"forminator-field-consent-1_69fc4bd784710__description\" class=\"forminator-checkbox__label forminator-consent__label\"><p>I have the information on <a href=\"\/en\/datenschutz\/\">Data protection<\/a> Read and agree to the processing and storage of my data in the context of case processing.<\/p><\/div><\/div><\/div><\/div><\/div><input type=\"hidden\" name=\"referer_url\" value=\"\" \/><div class=\"forminator-row forminator-row-last\"><div class=\"forminator-col\"><div class=\"forminator-field\"><button class=\"forminator-button forminator-button-submit\"><span>Send<\/span><span aria-hidden=\"true\"><\/span><\/button><\/div><\/div><\/div><input type=\"hidden\" id=\"forminator_nonce\" name=\"forminator_nonce\" value=\"9c75c93b76\" \/><input type=\"hidden\" name=\"_wp_http_referer\" value=\"\/en\/wp-json\/wp\/v2\/pages\/3834\" \/><input type=\"hidden\" name=\"form_id\" value=\"2470\"><input type=\"hidden\" name=\"page_id\" value=\"3834\"><input type=\"hidden\" name=\"form_type\" value=\"default\"><input type=\"hidden\" name=\"current_url\" value=\"https:\/\/www.bitformer.net\/en\/it-security\/cybersicherheit\/\"><input type=\"hidden\" name=\"render_id\" value=\"0\"><input type=\"hidden\" name=\"action\" value=\"forminator_submit_form_custom-forms\"><label for=\"input_8\" class=\"forminator-hidden\" aria-hidden=\"true\">Please do not fill in this field. <input id=\"input_8\" type=\"text\" name=\"input_8\" value=\"\" autocomplete=\"off\"><\/label><input type=\"hidden\" name=\"trp-form-language\" value=\"en\"\/><\/form><\/div>\n\t\t\t\t\t\t<\/div>\n\t\t\t\t<\/div>\n\t\t\t\t\t<\/div>\n\t\t\t\t<\/div>\n\t\t\t\t<\/div>","protected":false},"excerpt":{"rendered":"<p>Home Cybersicherheit Schutz Ihrer Unternehmensdaten Externer ISB ISMS Sensibilisierung Quick Audit IT NIS2 Proaktiv statt reaktiv handeln Cybersicherheit ist heute eine zentrale Voraussetzung f\u00fcr den nachhaltigen Erfolg von Unternehmen. In einer zunehmend digitalisierten Welt, in der Gesch\u00e4ftsprozesse, Daten und Kommunikation eng miteinander vernetzt sind, w\u00e4chst auch die Angriffsfl\u00e4che f\u00fcr Cyberkriminalit\u00e4t kontinuierlich.\u00a0 Wir unterst\u00fctzen Sie dabei, [&hellip;]<\/p>\n","protected":false},"author":2,"featured_media":0,"parent":2320,"menu_order":0,"comment_status":"closed","ping_status":"closed","template":"full-width.php","meta":{"_acf_changed":false,"footnotes":""},"class_list":["post-3834","page","type-page","status-publish","hentry"],"acf":[],"_links":{"self":[{"href":"https:\/\/www.bitformer.net\/en\/wp-json\/wp\/v2\/pages\/3834","targetHints":{"allow":["GET"]}}],"collection":[{"href":"https:\/\/www.bitformer.net\/en\/wp-json\/wp\/v2\/pages"}],"about":[{"href":"https:\/\/www.bitformer.net\/en\/wp-json\/wp\/v2\/types\/page"}],"author":[{"embeddable":true,"href":"https:\/\/www.bitformer.net\/en\/wp-json\/wp\/v2\/users\/2"}],"replies":[{"embeddable":true,"href":"https:\/\/www.bitformer.net\/en\/wp-json\/wp\/v2\/comments?post=3834"}],"version-history":[{"count":10,"href":"https:\/\/www.bitformer.net\/en\/wp-json\/wp\/v2\/pages\/3834\/revisions"}],"predecessor-version":[{"id":9336,"href":"https:\/\/www.bitformer.net\/en\/wp-json\/wp\/v2\/pages\/3834\/revisions\/9336"}],"up":[{"embeddable":true,"href":"https:\/\/www.bitformer.net\/en\/wp-json\/wp\/v2\/pages\/2320"}],"wp:attachment":[{"href":"https:\/\/www.bitformer.net\/en\/wp-json\/wp\/v2\/media?parent=3834"}],"curies":[{"name":"wp","href":"https:\/\/api.w.org\/{rel}","templated":true}]}}